{"id":1687,"date":"2022-05-21T13:08:47","date_gmt":"2022-05-21T10:08:47","guid":{"rendered":"https:\/\/rockvell.com\/?page_id=1687"},"modified":"2022-10-21T20:14:07","modified_gmt":"2022-10-21T17:14:07","slug":"rockvell-business","status":"publish","type":"page","link":"https:\/\/rockvell.com\/?page_id=1687","title":{"rendered":"ROCKVELL BUSINESS"},"content":{"rendered":"\n<div class=\"wp-block-media-text alignwide is-stacked-on-mobile\" style=\"grid-template-columns:53% auto\"><figure class=\"wp-block-media-text__media\"><a href=\"https:\/\/rockvell.com\/category\/business\/azerbaijan\/\"><img loading=\"lazy\" decoding=\"async\" width=\"600\" height=\"300\" src=\"https:\/\/rockvell.com\/wp-content\/uploads\/2022\/10\/Made-in-Azerbaijan.png\" alt=\"\" class=\"wp-image-4494 size-full\" srcset=\"https:\/\/rockvell.com\/wp-content\/uploads\/2022\/10\/Made-in-Azerbaijan.png 600w, https:\/\/rockvell.com\/wp-content\/uploads\/2022\/10\/Made-in-Azerbaijan-300x150.png 300w, https:\/\/rockvell.com\/wp-content\/uploads\/2022\/10\/Made-in-Azerbaijan-360x180.png 360w\" sizes=\"(max-width: 600px) 100vw, 600px\" \/><\/a><\/figure><div class=\"wp-block-media-text__content\">\n<p class=\"has-medium-font-size\"><strong>Yerli m\u0259hsullar haqq\u0131nda rublika<\/strong><\/p>\n<\/div><\/div>\n\n\n\n<div class=\"wp-block-media-text alignwide is-stacked-on-mobile\" style=\"grid-template-columns:53% auto\"><figure class=\"wp-block-media-text__media\"><a href=\"https:\/\/rockvell.com\/category\/business\/energy\/\"><img loading=\"lazy\" decoding=\"async\" width=\"600\" height=\"300\" src=\"https:\/\/rockvell.com\/wp-content\/uploads\/2022\/10\/Energetika.png\" alt=\"\" class=\"wp-image-4498 size-full\" srcset=\"https:\/\/rockvell.com\/wp-content\/uploads\/2022\/10\/Energetika.png 600w, https:\/\/rockvell.com\/wp-content\/uploads\/2022\/10\/Energetika-300x150.png 300w, https:\/\/rockvell.com\/wp-content\/uploads\/2022\/10\/Energetika-360x180.png 360w\" sizes=\"(max-width: 600px) 100vw, 600px\" \/><\/a><\/figure><div class=\"wp-block-media-text__content\">\n<p class=\"has-medium-font-size\"><strong>Enerji sah\u0259si haqq\u0131nda rublika<\/strong><\/p>\n<\/div><\/div>\n\n\n\n<div class=\"wp-block-media-text alignwide is-stacked-on-mobile\" style=\"grid-template-columns:53% auto\"><figure class=\"wp-block-media-text__media\"><a href=\"https:\/\/rockvell.com\/category\/business\/tikinti\/\"><img loading=\"lazy\" decoding=\"async\" width=\"600\" height=\"300\" src=\"https:\/\/rockvell.com\/wp-content\/uploads\/2022\/10\/Tikinti.png\" alt=\"\" class=\"wp-image-4501 size-full\" srcset=\"https:\/\/rockvell.com\/wp-content\/uploads\/2022\/10\/Tikinti.png 600w, https:\/\/rockvell.com\/wp-content\/uploads\/2022\/10\/Tikinti-300x150.png 300w, https:\/\/rockvell.com\/wp-content\/uploads\/2022\/10\/Tikinti-360x180.png 360w\" sizes=\"(max-width: 600px) 100vw, 600px\" \/><\/a><\/figure><div class=\"wp-block-media-text__content\">\n<p class=\"has-medium-font-size\"><strong>Tikinti s\u0259nayesi haqq\u0131nda rublika<\/strong><\/p>\n<\/div><\/div>\n\n\n\n<div class=\"wp-block-media-text alignwide is-stacked-on-mobile\" style=\"grid-template-columns:53% auto\"><figure class=\"wp-block-media-text__media\"><a href=\"https:\/\/rockvell.com\/category\/business\/texno\/\"><img loading=\"lazy\" decoding=\"async\" width=\"600\" height=\"300\" src=\"https:\/\/rockvell.com\/wp-content\/uploads\/2022\/10\/Texnologiya.png\" alt=\"\" class=\"wp-image-4502 size-full\" srcset=\"https:\/\/rockvell.com\/wp-content\/uploads\/2022\/10\/Texnologiya.png 600w, https:\/\/rockvell.com\/wp-content\/uploads\/2022\/10\/Texnologiya-300x150.png 300w, https:\/\/rockvell.com\/wp-content\/uploads\/2022\/10\/Texnologiya-360x180.png 360w\" sizes=\"(max-width: 600px) 100vw, 600px\" \/><\/a><\/figure><div class=\"wp-block-media-text__content\">\n<p class=\"has-medium-font-size\"><strong>Texnologiya d\u00fcnyas\u0131 haqq\u0131nda rublika<\/strong><\/p>\n<\/div><\/div>\n\n\n\n<div class=\"wp-block-media-text alignwide is-stacked-on-mobile\" style=\"grid-template-columns:53% auto\"><figure class=\"wp-block-media-text__media\"><a href=\"https:\/\/rockvell.com\/category\/business\/kend\/\"><img loading=\"lazy\" decoding=\"async\" width=\"600\" height=\"300\" src=\"https:\/\/rockvell.com\/wp-content\/uploads\/2022\/10\/Qida.png\" alt=\"\" class=\"wp-image-4503 size-full\" srcset=\"https:\/\/rockvell.com\/wp-content\/uploads\/2022\/10\/Qida.png 600w, https:\/\/rockvell.com\/wp-content\/uploads\/2022\/10\/Qida-300x150.png 300w, https:\/\/rockvell.com\/wp-content\/uploads\/2022\/10\/Qida-360x180.png 360w\" sizes=\"(max-width: 600px) 100vw, 600px\" \/><\/a><\/figure><div class=\"wp-block-media-text__content\">\n<p class=\"has-medium-font-size\"><strong>K\u0259nd t\u0259s\u0259rr\u00fcfat\u0131 haqq\u0131nda rublika<\/strong><\/p>\n<\/div><\/div>\n\n\n\n<div class=\"wp-block-media-text alignwide is-stacked-on-mobile\" style=\"grid-template-columns:53% auto\"><figure class=\"wp-block-media-text__media\"><a href=\"https:\/\/rockvell.com\/category\/business\/logistika\/\"><img loading=\"lazy\" decoding=\"async\" width=\"600\" height=\"300\" src=\"https:\/\/rockvell.com\/wp-content\/uploads\/2022\/10\/Neqliyyat.png\" alt=\"\" class=\"wp-image-4504 size-full\" srcset=\"https:\/\/rockvell.com\/wp-content\/uploads\/2022\/10\/Neqliyyat.png 600w, https:\/\/rockvell.com\/wp-content\/uploads\/2022\/10\/Neqliyyat-300x150.png 300w, https:\/\/rockvell.com\/wp-content\/uploads\/2022\/10\/Neqliyyat-360x180.png 360w\" sizes=\"(max-width: 600px) 100vw, 600px\" \/><\/a><\/figure><div class=\"wp-block-media-text__content\">\n<p class=\"has-medium-font-size\"><strong>N\u0259qliyyat v\u0259 logistika haqq\u0131nda rublika<\/strong><\/p>\n<\/div><\/div>\n\n\n\n<div class=\"wp-block-media-text alignwide is-stacked-on-mobile\" style=\"grid-template-columns:53% auto\"><figure class=\"wp-block-media-text__media\"><a href=\"https:\/\/rockvell.com\/category\/business\/maliyy%c9%99\/\"><img loading=\"lazy\" decoding=\"async\" width=\"600\" height=\"300\" src=\"https:\/\/rockvell.com\/wp-content\/uploads\/2022\/10\/Iqtisadiyyat.png\" alt=\"\" class=\"wp-image-4505 size-full\" srcset=\"https:\/\/rockvell.com\/wp-content\/uploads\/2022\/10\/Iqtisadiyyat.png 600w, https:\/\/rockvell.com\/wp-content\/uploads\/2022\/10\/Iqtisadiyyat-300x150.png 300w, https:\/\/rockvell.com\/wp-content\/uploads\/2022\/10\/Iqtisadiyyat-360x180.png 360w\" sizes=\"(max-width: 600px) 100vw, 600px\" \/><\/a><\/figure><div class=\"wp-block-media-text__content\">\n<p class=\"has-medium-font-size\"><strong>\u0130qtisadiyyat v\u0259 maliyy\u0259 haqq\u0131nda rublika<\/strong><\/p>\n<\/div><\/div>\n","protected":false},"excerpt":{"rendered":"<p>Yerli m\u0259hsullar haqq\u0131nda rublika Enerji sah\u0259si haqq\u0131nda rublika Tikinti s\u0259nayesi haqq\u0131nda rublika Texnologiya d\u00fcnyas\u0131 haqq\u0131nda rublika K\u0259nd t\u0259s\u0259rr\u00fcfat\u0131 haqq\u0131nda rublika N\u0259qliyyat v\u0259 logistika haqq\u0131nda rublika \u0130qtisadiyyat v\u0259 maliyy\u0259 haqq\u0131nda rublika<\/p>\n","protected":false},"author":1,"featured_media":0,"parent":0,"menu_order":0,"comment_status":"closed","ping_status":"closed","template":"","meta":{"footnotes":""},"aioseo_notices":[],"_links":{"self":[{"href":"https:\/\/rockvell.com\/index.php?rest_route=\/wp\/v2\/pages\/1687"}],"collection":[{"href":"https:\/\/rockvell.com\/index.php?rest_route=\/wp\/v2\/pages"}],"about":[{"href":"https:\/\/rockvell.com\/index.php?rest_route=\/wp\/v2\/types\/page"}],"author":[{"embeddable":true,"href":"https:\/\/rockvell.com\/index.php?rest_route=\/wp\/v2\/users\/1"}],"replies":[{"embeddable":true,"href":"https:\/\/rockvell.com\/index.php?rest_route=%2Fwp%2Fv2%2Fcomments&post=1687"}],"version-history":[{"count":7,"href":"https:\/\/rockvell.com\/index.php?rest_route=\/wp\/v2\/pages\/1687\/revisions"}],"predecessor-version":[{"id":4508,"href":"https:\/\/rockvell.com\/index.php?rest_route=\/wp\/v2\/pages\/1687\/revisions\/4508"}],"wp:attachment":[{"href":"https:\/\/rockvell.com\/index.php?rest_route=%2Fwp%2Fv2%2Fmedia&parent=1687"}],"curies":[{"name":"wp","href":"https:\/\/api.w.org\/{rel}","templated":true}]}}